{"id":8941,"date":"2023-04-18T11:40:29","date_gmt":"2023-04-18T16:40:29","guid":{"rendered":"https:\/\/synaxonexpansion.com\/?page_id=8941"},"modified":"2023-04-22T08:12:48","modified_gmt":"2023-04-22T13:12:48","slug":"shop-woo-2","status":"publish","type":"page","link":"https:\/\/synaxonexpansion.com\/en\/shop-woo-2\/","title":{"rendered":"Shop Woo"},"content":{"rendered":"<div class=\"wpb-content-wrapper\"><p>[vc_row css_animation=&#8221;&#8221; row_type=&#8221;row&#8221; use_row_as_full_screen_section=&#8221;no&#8221; type=&#8221;full_width&#8221; angled_section=&#8221;no&#8221; text_align=&#8221;left&#8221; background_image_as_pattern=&#8221;without_pattern&#8221;][vc_column offset=&#8221;vc_hidden-xs&#8221;][vc_empty_space][vc_column_text]<\/p>\n<h1>Menu de la boutique<\/h1>\n<p>[\/vc_column_text][vc_separator type=&#8221;transparent&#8221;][vc_column_text]<strong><a href=\"#outils\">Outils en ligne<\/a> | \u00a0<a href=\"#portrait\">Portraits de la situation<\/a> | \u00a0<a href=\"#programmes-en-ligne\">Programmes en ligne\/Ateliers<\/a>\u00a0 | <a href=\"#appels-prives\">Appels Priv\u00e9s<\/a>\u00a0 \u00a0|\u00a0 <a href=\"#mentorats\">Mentorats<\/a><\/strong>[\/vc_column_text][vc_separator type=&#8221;transparent&#8221;][vc_separator type=&#8221;transparent&#8221;][\/vc_column][\/vc_row][vc_row css_animation=&#8221;&#8221; row_type=&#8221;row&#8221; use_row_as_full_screen_section=&#8221;no&#8221; type=&#8221;full_width&#8221; angled_section=&#8221;no&#8221; text_align=&#8221;left&#8221; background_image_as_pattern=&#8221;without_pattern&#8221;][vc_column offset=&#8221;vc_hidden-lg vc_hidden-md vc_hidden-sm&#8221;][vc_column_text]<\/p>\n<h2 style=\"font-size: 20px; text-align: center;\"><strong>MENU DE LA BOUTIQUE<\/strong><\/h2>\n<p>[\/vc_column_text][vc_column_text]<strong><a href=\"#outils\">Outils en ligne<\/a><\/strong><\/p>\n<p><strong><a href=\"#portrait\">Portraits de la situation<\/a><\/strong><\/p>\n<p><strong><a href=\"#programmes-en-ligne\">Programmes en ligne\/Ateliers<\/a><\/strong><\/p>\n<p><strong><a href=\"#appels-prives\">Appels Priv\u00e9s<\/a><\/strong><\/p>\n<p><strong><a href=\"#mentorats\">Mentorats<\/a><\/strong>[\/vc_column_text][vc_separator type=&#8221;transparent&#8221;][\/vc_column][\/vc_row][vc_row css_animation=&#8221;&#8221; row_type=&#8221;row&#8221; use_row_as_full_screen_section=&#8221;no&#8221; type=&#8221;full_width&#8221; angled_section=&#8221;no&#8221; text_align=&#8221;left&#8221; background_image_as_pattern=&#8221;without_pattern&#8221; anchor=&#8221;programme-en-ligne&#8221; el_id=&#8221;outils&#8221; z_index=&#8221;&#8221;][vc_column][vc_separator type=&#8221;transparent&#8221;][vc_column_text]<\/p>\n<h3><strong>Outils en ligne<\/strong><\/h3>\n<p>[\/vc_column_text][vc_empty_space][vc_column_text]Un outil en ligne vous donne acc\u00e8s \u00e0 des ressources d\u2019assistance sous diff\u00e9rentes formes tel qu\u2019un workbook, fichiers audios et vid\u00e9os explicatifs ou tout autre type de document contenant des exercices, des r\u00e9flexions et des ressources pour vous accompagner au moment de votre choix o\u00f9 que vous soyez dans le monde. Il est con\u00e7u pour \u00eatre utilis\u00e9 de fa\u00e7on autonome sans l\u2019accompagnement direct de Synaxon Expansion.[\/vc_column_text][vc_empty_space]<div class=\"woocommerce columns-4 \"><\/div>[\/vc_column][\/vc_row][vc_row css_animation=&#8221;&#8221; row_type=&#8221;row&#8221; use_row_as_full_screen_section=&#8221;no&#8221; type=&#8221;full_width&#8221; angled_section=&#8221;no&#8221; text_align=&#8221;left&#8221; background_image_as_pattern=&#8221;without_pattern&#8221;][vc_column][vc_separator type=&#8221;normal&#8221; color=&#8221;#9a2248&#8243; thickness=&#8221;1&#8243;][\/vc_column][\/vc_row][vc_row css_animation=&#8221;&#8221; row_type=&#8221;row&#8221; use_row_as_full_screen_section=&#8221;no&#8221; type=&#8221;full_width&#8221; angled_section=&#8221;no&#8221; text_align=&#8221;left&#8221; background_image_as_pattern=&#8221;without_pattern&#8221; anchor=&#8221;mentorats&#8221; el_id=&#8221;portrait&#8221; z_index=&#8221;&#8221;][vc_column][vc_separator type=&#8221;transparent&#8221;][vc_column_text]<\/p>\n<h3><strong>Portraits de la situation<\/strong><\/h3>\n<p>[\/vc_column_text][vc_separator type=&#8221;transparent&#8221;][vc_column_text]Le portrait de la situation, commun\u00e9ment appel\u00e9 un \u201cdiagnostic\u201d est un outil de prise de conscience pour vous assister \u00e0 mettre de la clart\u00e9 sur des questionnements que vous avez. Il est une repr\u00e9sentation \u00e0 un moment pr\u00e9cis de la perception de l\u2019\u00e9quipe et\/ou d\u2019o\u00f9 vous en \u00eates dans un projet. Il peut prendre la forme de questionnaire en ligne et d\u2019entrevues individuelles en ligne et\/ou en pr\u00e9sentiel. Il est con\u00e7u pour \u00eatre utilis\u00e9 de fa\u00e7on autonome ou avec l\u2019accompagnement direct de Synaxon Expansion.[\/vc_column_text][vc_separator type=&#8221;transparent&#8221;][vc_row_inner row_type=&#8221;row&#8221; type=&#8221;full_width&#8221; text_align=&#8221;left&#8221; css_animation=&#8221;&#8221;][vc_column_inner offset=&#8221;vc_hidden-lg vc_hidden-md vc_hidden-sm vc_hidden-xs&#8221;][vc_separator type=&#8221;transparent&#8221;][\/vc_column_inner][\/vc_row_inner]<div class=\"woocommerce columns-4 \"><\/div>[\/vc_column][\/vc_row][vc_row css_animation=&#8221;&#8221; row_type=&#8221;row&#8221; use_row_as_full_screen_section=&#8221;no&#8221; type=&#8221;full_width&#8221; angled_section=&#8221;no&#8221; text_align=&#8221;left&#8221; background_image_as_pattern=&#8221;without_pattern&#8221;][vc_column][vc_separator type=&#8221;normal&#8221; color=&#8221;#9a2248&#8243; thickness=&#8221;1&#8243;][\/vc_column][\/vc_row][vc_row css_animation=&#8221;&#8221; row_type=&#8221;row&#8221; use_row_as_full_screen_section=&#8221;no&#8221; type=&#8221;full_width&#8221; angled_section=&#8221;no&#8221; text_align=&#8221;left&#8221; background_image_as_pattern=&#8221;without_pattern&#8221; anchor=&#8221;programme-en-ligne&#8221; el_id=&#8221;programmes-en-ligne&#8221; z_index=&#8221;&#8221;][vc_column][vc_separator type=&#8221;transparent&#8221;][vc_column_text]<\/p>\n<h3><strong>Programmes en ligne\/Ateliers<\/strong><\/h3>\n<p>[\/vc_column_text][vc_empty_space][vc_column_text]Un atelier est une formation de groupe \u201cpratique\u201d de courte dur\u00e9e comparativement \u00e0 un programme ou un mentorat. Il peut \u00eatre donn\u00e9 en entreprise avec l\u2019\u00e9quipe de travail ou encore \u00e0 travers des vid\u00e9oconf\u00e9rences durant lesquelles les participants sont invit\u00e9s \u00e0 interagir et \u00e0 exp\u00e9rimenter les outils et les techniques apprises.<\/p>\n<p>&nbsp;<\/p>\n<p>Un programme en ligne est une formation de groupe qui consiste g\u00e9n\u00e9ralement \u00e0 une s\u00e9rie de vid\u00e9oconf\u00e9rences, accompagn\u00e9e de diff\u00e9rents fichiers t\u00e9l\u00e9chargeables tels que des workbooks, des fichiers interactifs ou autre document. Seule une connexion internet est requise pour y acc\u00e9der, peu importe o\u00f9 vous vous trouvez dans le monde.[\/vc_column_text][vc_empty_space][vc_separator type=&#8221;transparent&#8221;][vc_row_inner row_type=&#8221;row&#8221; type=&#8221;full_width&#8221; text_align=&#8221;left&#8221; css_animation=&#8221;&#8221;][vc_column_inner offset=&#8221;vc_hidden-lg vc_hidden-md vc_hidden-sm vc_hidden-xs&#8221;][vc_separator type=&#8221;transparent&#8221;][\/vc_column_inner][\/vc_row_inner]<div class=\"woocommerce columns-4 \"><\/div>[\/vc_column][\/vc_row][vc_row css_animation=&#8221;&#8221; row_type=&#8221;row&#8221; use_row_as_full_screen_section=&#8221;no&#8221; type=&#8221;full_width&#8221; angled_section=&#8221;no&#8221; text_align=&#8221;left&#8221; background_image_as_pattern=&#8221;without_pattern&#8221;][vc_column][vc_separator type=&#8221;normal&#8221; color=&#8221;#9a2248&#8243; thickness=&#8221;1&#8243;][\/vc_column][\/vc_row][vc_row css_animation=&#8221;&#8221; row_type=&#8221;row&#8221; use_row_as_full_screen_section=&#8221;no&#8221; type=&#8221;full_width&#8221; angled_section=&#8221;no&#8221; text_align=&#8221;left&#8221; background_image_as_pattern=&#8221;without_pattern&#8221; anchor=&#8221;programme-en-ligne&#8221; el_id=&#8221;appels-prives&#8221; z_index=&#8221;&#8221;][vc_column][vc_separator type=&#8221;transparent&#8221;][vc_column_text]<\/p>\n<h3><strong>Appels de Groupe ou Priv\u00e9s<\/strong><\/h3>\n<p>[\/vc_column_text][vc_empty_space][vc_column_text]Un appel priv\u00e9 peut \u00eatre sous forme d\u2019appel t\u00e9l\u00e9phonique ou de vid\u00e9oconf\u00e9rence. D\u2019une dur\u00e9e de 60 \u00e0 90 minutes selon votre choix, le th\u00e8me abord\u00e9 d\u00e9pendra de votre besoin du moment. Un appel de groupe est constitu\u00e9 de plusieurs personnes ayant suivi un m\u00eame programme d\u00e9sirant poursuivre l\u2019accompagnement au-del\u00e0 de la fin du programme. Dans les deux cas, il s\u2019agit alors d\u2019une assistance directe de Synaxon Expansion.[\/vc_column_text][vc_empty_space][vc_separator type=&#8221;transparent&#8221;]<div class=\"woocommerce columns-4 \"><ul class=\"products\">\n\t<li class=\"product type-product post-8918 status-publish first instock product_cat-private-calls has-post-thumbnail sold-individually taxable shipping-taxable purchasable product-type-variable-subscription\">\n\t\t\n    <div class=\"top-product-section\">\n\n        <a itemprop=\"url\" href=\"https:\/\/synaxonexpansion.com\/en\/boutiques\/private-calls-packages\/\" class=\"product-category\">\n            <span class=\"image-wrapper\">\n            <img loading=\"lazy\" decoding=\"async\" width=\"300\" height=\"300\" src=\"https:\/\/synaxonexpansion.com\/wp-content\/uploads\/2023\/04\/SE_AppelPrive_Boutique_ANG_2-300x300.jpg\" class=\"attachment-woocommerce_thumbnail size-woocommerce_thumbnail\" alt=\"Private calls packages\" srcset=\"https:\/\/synaxonexpansion.com\/wp-content\/uploads\/2023\/04\/SE_AppelPrive_Boutique_ANG_2-300x300.jpg 300w, https:\/\/synaxonexpansion.com\/wp-content\/uploads\/2023\/04\/SE_AppelPrive_Boutique_ANG_2-100x100.jpg 100w, https:\/\/synaxonexpansion.com\/wp-content\/uploads\/2023\/04\/SE_AppelPrive_Boutique_ANG_2-500x500.jpg 500w, https:\/\/synaxonexpansion.com\/wp-content\/uploads\/2023\/04\/SE_AppelPrive_Boutique_ANG_2-150x150.jpg 150w, https:\/\/synaxonexpansion.com\/wp-content\/uploads\/2023\/04\/SE_AppelPrive_Boutique_ANG_2-570x570.jpg 570w, https:\/\/synaxonexpansion.com\/wp-content\/uploads\/2023\/04\/SE_AppelPrive_Boutique_ANG_2.jpg 576w\" sizes=\"auto, (max-width: 300px) 100vw, 300px\" \/>            <\/span>\n        <\/a>\n\n\t\t<span class=\"add-to-cart-button-outer\"><span class=\"add-to-cart-button-inner\"><a href=\"https:\/\/synaxonexpansion.com\/en\/boutiques\/private-calls-packages\/\" data-quantity=\"1\" class=\"button product_type_variable-subscription add_to_cart_button qbutton add-to-cart-button\" data-product_id=\"8918\" data-product_sku=\"\" aria-label=\"Select options for &ldquo;Private calls packages&rdquo;\" rel=\"nofollow\">Select options<\/a><\/span><\/span>\n    <\/div>\n        <a itemprop=\"url\" href=\"https:\/\/synaxonexpansion.com\/en\/boutiques\/private-calls-packages\/\" class=\"product-category product-info\">\n        <h6 itemprop=\"name\">Private calls packages<\/h6>\n\n        \n        \n\t<span class=\"price\"><span class=\"from\">From: <\/span><span class=\"woocommerce-Price-amount amount\"><bdi><span class=\"woocommerce-Price-currencySymbol\">&#36;<\/span>900.00<\/bdi><\/span> <span class=\"subscription-details\"> \/ month<\/span><\/span>\n    <\/a>\n\n    \n<\/li>\n\t<li class=\"product type-product post-8916 status-publish instock product_cat-private-calls has-post-thumbnail sold-individually taxable shipping-taxable purchasable product-type-variable\">\n\t\t\n    <div class=\"top-product-section\">\n\n        <a itemprop=\"url\" href=\"https:\/\/synaxonexpansion.com\/en\/boutiques\/private-call\/\" class=\"product-category\">\n            <span class=\"image-wrapper\">\n            <img loading=\"lazy\" decoding=\"async\" width=\"300\" height=\"300\" src=\"https:\/\/synaxonexpansion.com\/wp-content\/uploads\/2021\/06\/SE_AppelPrive_Boutique_ANG_-300x300.jpg\" class=\"attachment-woocommerce_thumbnail size-woocommerce_thumbnail\" alt=\"Private Call\" srcset=\"https:\/\/synaxonexpansion.com\/wp-content\/uploads\/2021\/06\/SE_AppelPrive_Boutique_ANG_-300x300.jpg 300w, https:\/\/synaxonexpansion.com\/wp-content\/uploads\/2021\/06\/SE_AppelPrive_Boutique_ANG_-100x100.jpg 100w, https:\/\/synaxonexpansion.com\/wp-content\/uploads\/2021\/06\/SE_AppelPrive_Boutique_ANG_-500x500.jpg 500w, https:\/\/synaxonexpansion.com\/wp-content\/uploads\/2021\/06\/SE_AppelPrive_Boutique_ANG_-150x150.jpg 150w, https:\/\/synaxonexpansion.com\/wp-content\/uploads\/2021\/06\/SE_AppelPrive_Boutique_ANG_-570x570.jpg 570w, https:\/\/synaxonexpansion.com\/wp-content\/uploads\/2021\/06\/SE_AppelPrive_Boutique_ANG_.jpg 576w\" sizes=\"auto, (max-width: 300px) 100vw, 300px\" \/>            <\/span>\n        <\/a>\n\n\t\t<span class=\"add-to-cart-button-outer\"><span class=\"add-to-cart-button-inner\"><a href=\"https:\/\/synaxonexpansion.com\/en\/boutiques\/private-call\/\" data-quantity=\"1\" class=\"button product_type_variable add_to_cart_button qbutton add-to-cart-button\" data-product_id=\"8916\" data-product_sku=\"\" aria-label=\"Select options for &ldquo;Private Call&rdquo;\" rel=\"nofollow\">Select options<\/a><\/span><\/span>\n    <\/div>\n        <a itemprop=\"url\" href=\"https:\/\/synaxonexpansion.com\/en\/boutiques\/private-call\/\" class=\"product-category product-info\">\n        <h6 itemprop=\"name\">Private Call<\/h6>\n\n        \n        \n\t<span class=\"price\"><span class=\"woocommerce-Price-amount amount\" aria-hidden=\"true\"><bdi><span class=\"woocommerce-Price-currencySymbol\">&#36;<\/span>500.00<\/bdi><\/span> <span aria-hidden=\"true\">&ndash;<\/span> <span class=\"woocommerce-Price-amount amount\" aria-hidden=\"true\"><bdi><span class=\"woocommerce-Price-currencySymbol\">&#36;<\/span>750.00<\/bdi><\/span><span class=\"screen-reader-text\">Price range: &#36;500.00 through &#36;750.00<\/span><\/span>\n    <\/a>\n\n    \n<\/li><\/ul>\n<\/div>[vc_separator type=&#8221;transparent&#8221;][\/vc_column][\/vc_row][vc_row css_animation=&#8221;&#8221; row_type=&#8221;row&#8221; use_row_as_full_screen_section=&#8221;no&#8221; type=&#8221;full_width&#8221; angled_section=&#8221;no&#8221; text_align=&#8221;left&#8221; background_image_as_pattern=&#8221;without_pattern&#8221;][vc_column][vc_separator type=&#8221;normal&#8221; color=&#8221;#9a2248&#8243; thickness=&#8221;1&#8243;][\/vc_column][\/vc_row][vc_row css_animation=&#8221;&#8221; row_type=&#8221;row&#8221; use_row_as_full_screen_section=&#8221;no&#8221; type=&#8221;full_width&#8221; angled_section=&#8221;no&#8221; text_align=&#8221;left&#8221; background_image_as_pattern=&#8221;without_pattern&#8221; anchor=&#8221;evenements-live&#8221; el_id=&#8221;evenements&#8221; z_index=&#8221;&#8221;][vc_column offset=&#8221;vc_hidden-lg vc_hidden-md vc_hidden-sm vc_hidden-xs&#8221;][vc_separator type=&#8221;transparent&#8221;][vc_column_text]<\/p>\n<h3 style=\"color: #be9c63; font-size: 30px;\">\u00c9v\u00e9nements<\/h3>\n<p>[\/vc_column_text][vc_separator type=&#8221;transparent&#8221;][vc_column_text]Les \u00e9v\u00e9nements pr\u00e9sentement disponibles sont via notre page Facebook.\u00a0 Vous souhaiteriez les d\u00e9couvrir ? <a href=\"https:\/\/www.facebook.com\/SynaxonExpansion\/\" target=\"_blank\" rel=\"noopener noreferrer\">cliquer ICI<\/a>.[\/vc_column_text][vc_separator type=&#8221;transparent&#8221;][vc_row_inner row_type=&#8221;row&#8221; type=&#8221;full_width&#8221; text_align=&#8221;left&#8221; css_animation=&#8221;&#8221;][vc_column_inner offset=&#8221;vc_hidden-lg vc_hidden-md vc_hidden-sm vc_hidden-xs&#8221;][vc_separator type=&#8221;transparent&#8221;][\/vc_column_inner][\/vc_row_inner][\/vc_column][\/vc_row][vc_row css_animation=&#8221;&#8221; row_type=&#8221;row&#8221; use_row_as_full_screen_section=&#8221;no&#8221; type=&#8221;full_width&#8221; angled_section=&#8221;no&#8221; text_align=&#8221;left&#8221; background_image_as_pattern=&#8221;without_pattern&#8221; anchor=&#8221;mentorats&#8221; el_id=&#8221;mentorats&#8221;][vc_column][vc_separator type=&#8221;transparent&#8221;][vc_column_text]<\/p>\n<h3><strong>Mentorats<\/strong><\/h3>\n<p>[\/vc_column_text][vc_separator type=&#8221;transparent&#8221;][vc_column_text]Les mentorats peuvent prendre diff\u00e9rentes formes, selon le contexte propre \u00e0 chaque entrepreneur ou chaque entreprise. Ils peuvent se d\u00e9rouler en entreprise sous forme d\u2019appels vid\u00e9oconf\u00e9rence, d\u2019atelier \u00e0 l\u2019ext\u00e9rieur de l\u2019entreprise, de programme en ligne et vous permet d\u2019acc\u00e9der aux outils cr\u00e9es par Synaxon Expansion. La dur\u00e9e varie entre 3 et 12 mois. Nous offrons \u00e9galement des mentorats sur mesure. Contactez-vous pour en savoir plus.<\/p>\n<p>&nbsp;<\/p>\n<p>Noter qu\u2019en raison du contexte du Covid-19, Synaxon Expansion a \u00e0 coeur de respecter les mesures\u00a0 sanitaires provinciales en tout temps afin d\u2019honorer et d\u2019assurer la s\u00e9curit\u00e9 et le bien-\u00eatre de tous.[\/vc_column_text][vc_separator type=&#8221;transparent&#8221;][vc_row_inner row_type=&#8221;row&#8221; type=&#8221;full_width&#8221; text_align=&#8221;left&#8221; css_animation=&#8221;&#8221;][vc_column_inner offset=&#8221;vc_hidden-lg vc_hidden-md vc_hidden-sm vc_hidden-xs&#8221;][vc_separator type=&#8221;transparent&#8221;][\/vc_column_inner][\/vc_row_inner]<div class=\"woocommerce columns-4 \"><\/div><div class=\"woocommerce columns-4 \"><\/div>[\/vc_column][\/vc_row][vc_row css_animation=&#8221;&#8221; row_type=&#8221;row&#8221; use_row_as_full_screen_section=&#8221;no&#8221; type=&#8221;full_width&#8221; angled_section=&#8221;no&#8221; text_align=&#8221;left&#8221; background_image_as_pattern=&#8221;without_pattern&#8221;][vc_column][vc_empty_space height=&#8221;90px&#8221;][\/vc_column][\/vc_row]<\/p>\n<\/div>","protected":false},"excerpt":{"rendered":"<p>[vc_row css_animation=&#8221;&#8221; row_type=&#8221;row&#8221; use_row_as_full_screen_section=&#8221;no&#8221; type=&#8221;full_width&#8221; angled_section=&#8221;no&#8221; text_align=&#8221;left&#8221; background_image_as_pattern=&#8221;without_pattern&#8221;][vc_column offset=&#8221;vc_hidden-xs&#8221;][vc_empty_space][vc_column_text] Menu de la boutique [\/vc_column_text][vc_separator type=&#8221;transparent&#8221;][vc_column_text]Outils en ligne | \u00a0Portraits de&#8230;<\/p>\n","protected":false},"author":90,"featured_media":0,"parent":0,"menu_order":0,"comment_status":"closed","ping_status":"closed","template":"full_width.php","meta":{"footnotes":""},"class_list":["post-8941","page","type-page","status-publish","hentry"],"yoast_head":"<!-- This site is optimized with the Yoast SEO plugin v27.2 - https:\/\/yoast.com\/product\/yoast-seo-wordpress\/ -->\n<title>Shop Woo - Synaxon Expansion<\/title>\n<meta name=\"robots\" content=\"index, follow, max-snippet:-1, max-image-preview:large, max-video-preview:-1\" \/>\n<link rel=\"canonical\" href=\"https:\/\/synaxonexpansion.com\/en\/shop-woo-2\/\" \/>\n<meta property=\"og:locale\" content=\"en_US\" \/>\n<meta property=\"og:type\" content=\"article\" \/>\n<meta property=\"og:title\" content=\"Shop Woo - Synaxon Expansion\" \/>\n<meta property=\"og:description\" content=\"[vc_row css_animation=&#8221;&#8221; row_type=&#8221;row&#8221; use_row_as_full_screen_section=&#8221;no&#8221; type=&#8221;full_width&#8221; angled_section=&#8221;no&#8221; text_align=&#8221;left&#8221; background_image_as_pattern=&#8221;without_pattern&#8221;][vc_column offset=&#8221;vc_hidden-xs&#8221;][vc_empty_space][vc_column_text] Menu de la boutique [\/vc_column_text][vc_separator type=&#8221;transparent&#8221;][vc_column_text]Outils en ligne | \u00a0Portraits de...\" \/>\n<meta property=\"og:url\" content=\"https:\/\/synaxonexpansion.com\/en\/shop-woo-2\/\" \/>\n<meta property=\"og:site_name\" content=\"Synaxon Expansion\" \/>\n<meta property=\"article:modified_time\" content=\"2023-04-22T13:12:48+00:00\" \/>\n<meta name=\"twitter:card\" content=\"summary_large_image\" \/>\n<meta name=\"twitter:label1\" content=\"Est. reading time\" \/>\n\t<meta name=\"twitter:data1\" content=\"7 minutes\" \/>\n<script type=\"application\/ld+json\" class=\"yoast-schema-graph\">{\"@context\":\"https:\/\/schema.org\",\"@graph\":[{\"@type\":\"WebPage\",\"@id\":\"https:\/\/synaxonexpansion.com\/en\/shop-woo-2\/\",\"url\":\"https:\/\/synaxonexpansion.com\/en\/shop-woo-2\/\",\"name\":\"Shop Woo - Synaxon Expansion\",\"isPartOf\":{\"@id\":\"https:\/\/synaxonexpansion.com\/en\/#website\"},\"datePublished\":\"2023-04-18T16:40:29+00:00\",\"dateModified\":\"2023-04-22T13:12:48+00:00\",\"breadcrumb\":{\"@id\":\"https:\/\/synaxonexpansion.com\/en\/shop-woo-2\/#breadcrumb\"},\"inLanguage\":\"en-US\",\"potentialAction\":[{\"@type\":\"ReadAction\",\"target\":[\"https:\/\/synaxonexpansion.com\/en\/shop-woo-2\/\"]}]},{\"@type\":\"BreadcrumbList\",\"@id\":\"https:\/\/synaxonexpansion.com\/en\/shop-woo-2\/#breadcrumb\",\"itemListElement\":[{\"@type\":\"ListItem\",\"position\":1,\"name\":\"Home\",\"item\":\"https:\/\/synaxonexpansion.com\/en\/\"},{\"@type\":\"ListItem\",\"position\":2,\"name\":\"Shop Woo\"}]},{\"@type\":\"WebSite\",\"@id\":\"https:\/\/synaxonexpansion.com\/en\/#website\",\"url\":\"https:\/\/synaxonexpansion.com\/en\/\",\"name\":\"Synaxon Expansion\",\"description\":\"Au coeur de l&#039;entrepreneur\",\"potentialAction\":[{\"@type\":\"SearchAction\",\"target\":{\"@type\":\"EntryPoint\",\"urlTemplate\":\"https:\/\/synaxonexpansion.com\/en\/?s={search_term_string}\"},\"query-input\":{\"@type\":\"PropertyValueSpecification\",\"valueRequired\":true,\"valueName\":\"search_term_string\"}}],\"inLanguage\":\"en-US\"}]}<\/script>\n<!-- \/ Yoast SEO plugin. -->","yoast_head_json":{"title":"Shop Woo - Synaxon Expansion","robots":{"index":"index","follow":"follow","max-snippet":"max-snippet:-1","max-image-preview":"max-image-preview:large","max-video-preview":"max-video-preview:-1"},"canonical":"https:\/\/synaxonexpansion.com\/en\/shop-woo-2\/","og_locale":"en_US","og_type":"article","og_title":"Shop Woo - Synaxon Expansion","og_description":"[vc_row css_animation=&#8221;&#8221; row_type=&#8221;row&#8221; use_row_as_full_screen_section=&#8221;no&#8221; type=&#8221;full_width&#8221; angled_section=&#8221;no&#8221; text_align=&#8221;left&#8221; background_image_as_pattern=&#8221;without_pattern&#8221;][vc_column offset=&#8221;vc_hidden-xs&#8221;][vc_empty_space][vc_column_text] Menu de la boutique [\/vc_column_text][vc_separator type=&#8221;transparent&#8221;][vc_column_text]Outils en ligne | \u00a0Portraits de...","og_url":"https:\/\/synaxonexpansion.com\/en\/shop-woo-2\/","og_site_name":"Synaxon Expansion","article_modified_time":"2023-04-22T13:12:48+00:00","twitter_card":"summary_large_image","twitter_misc":{"Est. reading time":"7 minutes"},"schema":{"@context":"https:\/\/schema.org","@graph":[{"@type":"WebPage","@id":"https:\/\/synaxonexpansion.com\/en\/shop-woo-2\/","url":"https:\/\/synaxonexpansion.com\/en\/shop-woo-2\/","name":"Shop Woo - Synaxon Expansion","isPartOf":{"@id":"https:\/\/synaxonexpansion.com\/en\/#website"},"datePublished":"2023-04-18T16:40:29+00:00","dateModified":"2023-04-22T13:12:48+00:00","breadcrumb":{"@id":"https:\/\/synaxonexpansion.com\/en\/shop-woo-2\/#breadcrumb"},"inLanguage":"en-US","potentialAction":[{"@type":"ReadAction","target":["https:\/\/synaxonexpansion.com\/en\/shop-woo-2\/"]}]},{"@type":"BreadcrumbList","@id":"https:\/\/synaxonexpansion.com\/en\/shop-woo-2\/#breadcrumb","itemListElement":[{"@type":"ListItem","position":1,"name":"Home","item":"https:\/\/synaxonexpansion.com\/en\/"},{"@type":"ListItem","position":2,"name":"Shop Woo"}]},{"@type":"WebSite","@id":"https:\/\/synaxonexpansion.com\/en\/#website","url":"https:\/\/synaxonexpansion.com\/en\/","name":"Synaxon Expansion","description":"Au coeur de l&#039;entrepreneur","potentialAction":[{"@type":"SearchAction","target":{"@type":"EntryPoint","urlTemplate":"https:\/\/synaxonexpansion.com\/en\/?s={search_term_string}"},"query-input":{"@type":"PropertyValueSpecification","valueRequired":true,"valueName":"search_term_string"}}],"inLanguage":"en-US"}]}},"_links":{"self":[{"href":"https:\/\/synaxonexpansion.com\/en\/wp-json\/wp\/v2\/pages\/8941","targetHints":{"allow":["GET"]}}],"collection":[{"href":"https:\/\/synaxonexpansion.com\/en\/wp-json\/wp\/v2\/pages"}],"about":[{"href":"https:\/\/synaxonexpansion.com\/en\/wp-json\/wp\/v2\/types\/page"}],"author":[{"embeddable":true,"href":"https:\/\/synaxonexpansion.com\/en\/wp-json\/wp\/v2\/users\/90"}],"replies":[{"embeddable":true,"href":"https:\/\/synaxonexpansion.com\/en\/wp-json\/wp\/v2\/comments?post=8941"}],"version-history":[{"count":0,"href":"https:\/\/synaxonexpansion.com\/en\/wp-json\/wp\/v2\/pages\/8941\/revisions"}],"wp:attachment":[{"href":"https:\/\/synaxonexpansion.com\/en\/wp-json\/wp\/v2\/media?parent=8941"}],"curies":[{"name":"wp","href":"https:\/\/api.w.org\/{rel}","templated":true}]}}